{"id":2294,"date":"2021-12-17T16:29:18","date_gmt":"2021-12-17T16:29:18","guid":{"rendered":"http:\/\/www.thess-skafos.com\/members-club\/"},"modified":"2025-06-26T11:32:05","modified_gmt":"2025-06-26T11:32:05","slug":"members-club","status":"publish","type":"page","link":"https:\/\/www.thess-skafos.com\/de\/members-club\/","title":{"rendered":"Members Club"},"content":{"rendered":"<p>[et_pb_section fb_built=&#8220;1&#8243; admin_label=&#8220;Hero&#8220; _builder_version=&#8220;4.16&#8243; custom_padding=&#8220;45px|0px|40px|0px|false|false&#8220; global_colors_info=&#8220;{}&#8220;][et_pb_row _builder_version=&#8220;4.16&#8243; background_size=&#8220;initial&#8220; background_position=&#8220;top_left&#8220; background_repeat=&#8220;repeat&#8220; width=&#8220;100%&#8220; max_width=&#8220;900px&#8220; custom_padding=&#8220;||||false|false&#8220; use_custom_width=&#8220;on&#8220; custom_width_px=&#8220;700px&#8220; global_colors_info=&#8220;{}&#8220;][et_pb_column type=&#8220;4_4&#8243; _builder_version=&#8220;4.16&#8243; custom_padding=&#8220;|||&#8220; global_colors_info=&#8220;{}&#8220; custom_padding__hover=&#8220;|||&#8220;][et_pb_text _builder_version=&#8220;4.16&#8243; text_font=&#8220;Teko||||||||&#8220; text_text_color=&#8220;#c10f1b&#8220; text_font_size=&#8220;26px&#8220; text_line_height=&#8220;1.2em&#8220; ul_font=&#8220;||||||||&#8220; header_font=&#8220;Play|700|||||||&#8220; header_text_color=&#8220;#105bab&#8220; header_font_size=&#8220;66px&#8220; header_letter_spacing=&#8220;0em&#8220; header_line_height=&#8220;0.9em&#8220; text_orientation=&#8220;center&#8220; custom_margin=&#8220;|||&#8220; header_font_size_tablet=&#8220;66px&#8220; header_font_size_phone=&#8220;36px&#8220; header_font_size_last_edited=&#8220;on|phone&#8220; global_colors_info=&#8220;{}&#8220;]<\/p>\n<h1>Members Club<\/h1>\n<p>[\/et_pb_text][\/et_pb_column][\/et_pb_row][\/et_pb_section][et_pb_section fb_built=&#8220;1&#8243; fullwidth=&#8220;on&#8220; _builder_version=&#8220;4.16&#8243; bottom_divider_style=&#8220;arrow&#8220; bottom_divider_color=&#8220;#ffffff&#8220; bottom_divider_height=&#8220;135px&#8220; bottom_divider_height_tablet=&#8220;&#8220; bottom_divider_height_phone=&#8220;50px&#8220; bottom_divider_height_last_edited=&#8220;on|phone&#8220; animation_style=&#8220;fade&#8220; animation_direction=&#8220;top&#8220; global_colors_info=&#8220;{}&#8220;][et_pb_fullwidth_image src=&#8220;https:\/\/www.thess-skafos.com\/wp-content\/uploads\/2021\/01\/about-us.jpg&#8220; title_text=&#8220;about-us&#8220; _builder_version=&#8220;4.16&#8243; global_colors_info=&#8220;{}&#8220;][\/et_pb_fullwidth_image][\/et_pb_section][et_pb_section fb_built=&#8220;1&#8243; admin_label=&#8220;Features&#8220; _builder_version=&#8220;4.16&#8243; custom_padding=&#8220;||50px||false|false&#8220; global_colors_info=&#8220;{}&#8220;][et_pb_row _builder_version=&#8220;4.16&#8243; custom_margin=&#8220;|||&#8220; global_colors_info=&#8220;{}&#8220;][et_pb_column type=&#8220;4_4&#8243; _builder_version=&#8220;4.16&#8243; custom_padding=&#8220;|||&#8220; global_colors_info=&#8220;{}&#8220; custom_padding__hover=&#8220;|||&#8220;][et_pb_text admin_label=&#8220;Title&#8220; _builder_version=&#8220;4.16&#8243; header_font=&#8220;||||||||&#8220; header_3_font=&#8220;Play|700|||||||&#8220; header_3_text_color=&#8220;#105bab&#8220; header_3_font_size=&#8220;36px&#8220; header_3_letter_spacing=&#8220;0.02em&#8220; header_3_line_height=&#8220;1.2em&#8220; custom_margin=&#8220;||15px|&#8220; border_color_all=&#8220;rgba(51,51,51,0.12)&#8220; border_width_bottom=&#8220;1px&#8220; global_colors_info=&#8220;{}&#8220;]<\/p>\n<h3>Privilege des Mitgliederclubs<\/h3>\n<p>[\/et_pb_text][\/et_pb_column][\/et_pb_row][et_pb_row column_structure=&#8220;1_2,1_2&#8243; _builder_version=&#8220;4.16&#8243; custom_margin=&#8220;|||&#8220; custom_padding=&#8220;0|0px||0px|false|false&#8220; global_colors_info=&#8220;{}&#8220;][et_pb_column type=&#8220;1_2&#8243; _builder_version=&#8220;4.16&#8243; custom_padding=&#8220;|||&#8220; global_colors_info=&#8220;{}&#8220; custom_padding__hover=&#8220;|||&#8220;][et_pb_text _builder_version=&#8220;4.27.4&#8243; text_font=&#8220;Lato||||||||&#8220; text_font_size=&#8220;18px&#8220; text_line_height=&#8220;1.8em&#8220; hover_enabled=&#8220;0&#8243; global_colors_info=&#8220;{}&#8220; sticky_enabled=&#8220;0&#8243;]<\/p>\n<p>Unser <strong>Mitgliederclub<\/strong> (<strong>Members Club<\/strong>) wurde 2020 gegr\u00fcndet. Er bietet unseren Mitgliedern ganzj\u00e4hrig die M\u00f6glichkeit, das Meer mit unseren Booten, zu einem unschlagbaren Preis zu genie\u00dfen.<\/p>\n<p>Und Ihre Vorteile enden hier noch nicht: Ihre Mitgliedskarte bietet Ihnen spezielle Rabatte auf Produkte unseres Unternehmens, aus Dienstleistungen, Segelt\u00f6rns und vieles mehr.<\/p>\n<p>Wenn Sie das Meer und das Segeln lieben, ist die Mitgliedskarte von <strong>Thess Skafos Sailing &reg;<\/strong>, die beste kleine Investition, die Sie t\u00e4tigen k\u00f6nnen. Kontaktieren Sie uns noch heute, und machen Sie sie zu Ihrer eigenen!<\/p>\n<p>&nbsp;<\/p>\n<p>[\/et_pb_text][\/et_pb_column][et_pb_column type=&#8220;1_2&#8243; _builder_version=&#8220;4.16&#8243; custom_padding=&#8220;|||&#8220; global_colors_info=&#8220;{}&#8220; custom_padding__hover=&#8220;|||&#8220;][et_pb_image src=&#8220;https:\/\/www.thess-skafos.com\/wp-content\/uploads\/2021\/01\/members-card-1.png&#8220; title_text=&#8220;members-card-1&#8243; align=&#8220;center&#8220; _builder_version=&#8220;4.16&#8243; _module_preset=&#8220;default&#8220; global_colors_info=&#8220;{}&#8220;][\/et_pb_image][et_pb_image src=&#8220;https:\/\/www.thess-skafos.com\/wp-content\/uploads\/2021\/01\/members-card-2.png&#8220; title_text=&#8220;members-card-2&#8243; align=&#8220;center&#8220; _builder_version=&#8220;4.16&#8243; _module_preset=&#8220;default&#8220; global_colors_info=&#8220;{}&#8220;][\/et_pb_image][\/et_pb_column][\/et_pb_row][\/et_pb_section][et_pb_section fb_built=&#8220;1&#8243; make_equal=&#8220;on&#8220; use_custom_gutter=&#8220;on&#8220; gutter_width=&#8220;1&#8243; specialty=&#8220;on&#8220; next_background_color=&#8220;#ffffff&#8220; background_color_2=&#8220;#105bab&#8220; padding_top_1=&#8220;150px&#8220; padding_top_2=&#8220;150px&#8220; padding_right_1=&#8220;60px&#8220; padding_right_2=&#8220;10%&#8220; padding_bottom_1=&#8220;150px&#8220; padding_bottom_2=&#8220;150px&#8220; padding_left_1=&#8220;10%&#8220; padding_left_2=&#8220;60px&#8220; padding_top_bottom_link_1=&#8220;true&#8220; padding_top_bottom_link_2=&#8220;true&#8220; padding_1_tablet=&#8220;|0%||0%||true&#8220; padding_2_tablet=&#8220;40px|10%|100px|10%||true&#8220; padding_1_phone=&#8220;&#8220; padding_2_phone=&#8220;&#8220; padding_1_last_edited=&#8220;on|desktop&#8220; padding_2_last_edited=&#8220;on|desktop&#8220; module_class=&#8220; et_pb_specialty_fullwidth&#8220; _builder_version=&#8220;4.16&#8243; use_background_color_gradient=&#8220;on&#8220; background_color_gradient_stops=&#8220;rgba(24,30,36,0.9) 0%|#30a4dc 100%&#8220; background_color_gradient_overlays_image=&#8220;on&#8220; background_color_gradient_start=&#8220;rgba(24,30,36,0.9)&#8220; background_color_gradient_end=&#8220;#30a4dc&#8220; background_image=&#8220;https:\/\/www.thess-skafos.com\/wp-content\/uploads\/2020\/10\/contact-section-demo.jpg&#8220; inner_width=&#8220;100%&#8220; inner_width_tablet=&#8220;100%&#8220; inner_width_phone=&#8220;&#8220; inner_width_last_edited=&#8220;on|desktop&#8220; inner_max_width=&#8220;100%&#8220; inner_max_width_tablet=&#8220;100%&#8220; inner_max_width_phone=&#8220;&#8220; inner_max_width_last_edited=&#8220;on|desktop&#8220; custom_margin=&#8220;80px||||false|false&#8220; custom_padding=&#8220;0px||0px||true&#8220; bottom_divider_style=&#8220;arrow2&#8243; bottom_divider_height=&#8220;135px&#8220; bottom_divider_arrangement=&#8220;above_content&#8220; animation_style=&#8220;slide&#8220; animation_direction=&#8220;bottom&#8220; animation_intensity_slide=&#8220;4%&#8220; animation_starting_opacity=&#8220;100%&#8220; background_color_gradient_stops_tablet=&#8220;rgba(24,30,36,0.9) 0%|#30a4dc 100%&#8220; background_color_gradient_stops_phone=&#8220;rgba(24,30,36,0.9) 0%|#30a4dc 100%&#8220; box_shadow_style=&#8220;preset7&#8243; box_shadow_horizontal=&#8220;0px&#8220; box_shadow_vertical=&#8220;80px&#8220; box_shadow_color=&#8220;#ffffff&#8220; make_fullwidth=&#8220;on&#8220; global_module=&#8220;2435&#8243; saved_tabs=&#8220;all&#8220; global_colors_info=&#8220;{}&#8220;][et_pb_column type=&#8220;1_2&#8243; specialty_columns=&#8220;2&#8243; _builder_version=&#8220;4.16&#8243; custom_padding=&#8220;|||&#8220; global_colors_info=&#8220;{}&#8220; padding_tablet=&#8220;|0%||0%||true&#8220; padding_last_edited=&#8220;on|desktop&#8220; custom_padding__hover=&#8220;|||&#8220; padding_phone=&#8220;|0%||0%||true&#8220;][et_pb_row_inner _builder_version=&#8220;4.16&#8243; custom_margin=&#8220;|15px||15px|false|false&#8220; custom_padding=&#8220;0||0||true|false&#8220; global_colors_info=&#8220;{}&#8220;][et_pb_column_inner saved_specialty_column_type=&#8220;1_2&#8243; _builder_version=&#8220;4.16&#8243; custom_padding=&#8220;|||&#8220; global_colors_info=&#8220;{}&#8220; custom_padding__hover=&#8220;|||&#8220;][et_pb_text admin_label=&#8220;Get In Touch Title&#8220; _builder_version=&#8220;4.16&#8243; text_font=&#8220;Play||||||||&#8220; text_font_size=&#8220;30px&#8220; text_line_height=&#8220;1.4em&#8220; header_font=&#8220;||||||||&#8220; header_2_font=&#8220;Play||||||||&#8220; header_2_font_size=&#8220;64px&#8220; header_3_font=&#8220;Play|700|||||||&#8220; header_3_font_size=&#8220;38px&#8220; header_3_line_height=&#8220;1.2em&#8220; background_layout=&#8220;dark&#8220; custom_margin=&#8220;|||&#8220; header_2_font_size_tablet=&#8220;66px&#8220; header_2_font_size_phone=&#8220;36px&#8220; header_2_font_size_last_edited=&#8220;on|phone&#8220; locked=&#8220;off&#8220; global_colors_info=&#8220;{}&#8220;]<\/p>\n<h2>Kontakt<\/h2>\n<h3>Thess-Skafos Sailing<\/h3>\n<p>Yacht Vermietung-Verkauf &amp; Navigationsdienstleistungen<\/p>\n<p>[\/et_pb_text][et_pb_text admin_label=&#8220;Phone&#8220; _builder_version=&#8220;4.16&#8243; text_font=&#8220;Play|500|||||||&#8220; text_font_size=&#8220;30px&#8220; text_line_height=&#8220;1.5em&#8220; background_layout=&#8220;dark&#8220; custom_margin=&#8220;|||&#8220; custom_padding=&#8220;20px||||false|false&#8220; locked=&#8220;off&#8220; global_colors_info=&#8220;{}&#8220;]<\/p>\n<p>Tel.: <span style=\"white-space: nowrap;\">+30 2314052096<\/span><br \/>Handy: +30 6907243934<\/p>\n<p>[\/et_pb_text][\/et_pb_column_inner][\/et_pb_row_inner][et_pb_row_inner column_structure=&#8220;1_2,1_2&#8243; _builder_version=&#8220;4.16&#8243; _module_preset=&#8220;default&#8220; custom_margin=&#8220;|15px||15px|false|false&#8220; global_colors_info=&#8220;{}&#8220;][et_pb_column_inner type=&#8220;1_2&#8243; saved_specialty_column_type=&#8220;1_2&#8243; _builder_version=&#8220;4.16&#8243; _module_preset=&#8220;default&#8220; global_colors_info=&#8220;{}&#8220;][et_pb_text admin_label=&#8220;Address Title&#8220; _builder_version=&#8220;4.16&#8243; text_font=&#8220;Lato||||||||&#8220; text_font_size=&#8220;18px&#8220; text_line_height=&#8220;1.8em&#8220; header_font=&#8220;||||||||&#8220; header_4_font=&#8220;Play|700|||||||&#8220; header_4_font_size=&#8220;20px&#8220; background_layout=&#8220;dark&#8220; custom_margin=&#8220;|||&#8220; locked=&#8220;off&#8220; global_colors_info=&#8220;{}&#8220;]<\/p>\n<h4>Anschrift<\/h4>\n<p>Mavrokordatou 43, 54645,<br \/> Thessaloniki, Griechenland<\/p>\n<p>[\/et_pb_text][\/et_pb_column_inner][et_pb_column_inner type=&#8220;1_2&#8243; saved_specialty_column_type=&#8220;1_2&#8243; _builder_version=&#8220;4.16&#8243; _module_preset=&#8220;default&#8220; global_colors_info=&#8220;{}&#8220;][et_pb_text admin_label=&#8220;Address Title&#8220; _builder_version=&#8220;4.16&#8243; text_font=&#8220;Lato||||||||&#8220; text_font_size=&#8220;18px&#8220; text_line_height=&#8220;1.8em&#8220; header_font=&#8220;||||||||&#8220; header_4_font=&#8220;Play|700|||||||&#8220; header_4_font_size=&#8220;20px&#8220; background_layout=&#8220;dark&#8220; width=&#8220;100%&#8220; custom_margin=&#8220;||||false|false&#8220; locked=&#8220;off&#8220; global_colors_info=&#8220;{}&#8220;]<\/p>\n<h4>Email<\/h4>\n<p>info@thess-skafos.com<\/p>\n<p>[\/et_pb_text][\/et_pb_column_inner][\/et_pb_row_inner][et_pb_row_inner _builder_version=&#8220;4.16&#8243; _module_preset=&#8220;default&#8220; custom_margin=&#8220;|15px||15px|false|false&#8220; custom_padding=&#8220;0px||||false|false&#8220; global_colors_info=&#8220;{}&#8220;][et_pb_column_inner saved_specialty_column_type=&#8220;1_2&#8243; _builder_version=&#8220;4.16&#8243; _module_preset=&#8220;default&#8220; custom_padding=&#8220;|||150px|false|false&#8220; global_colors_info=&#8220;{}&#8220;][et_pb_sidebar area=&#8220;et_pb_widget_area_1&#8243; _builder_version=&#8220;4.16&#8243; _module_preset=&#8220;default&#8220; width=&#8220;100%&#8220; global_colors_info=&#8220;{}&#8220;][\/et_pb_sidebar][\/et_pb_column_inner][\/et_pb_row_inner][\/et_pb_column][et_pb_column type=&#8220;1_2&#8243; _builder_version=&#8220;4.16&#8243; background_color=&#8220;#c10f1b&#8220; custom_padding=&#8220;|||&#8220; global_colors_info=&#8220;{}&#8220; padding_tablet=&#8220;40px|10%|100px|10%||true&#8220; padding_last_edited=&#8220;on|desktop&#8220; custom_padding__hover=&#8220;|||&#8220; padding_phone=&#8220;40px|10%|100px|10%||true&#8220;][et_pb_contact_form captcha=&#8220;off&#8220; email=&#8220;info@thess-skafos.com&#8220; title=&#8220;Senden Sie uns eine Nachricht&#8220; success_message=&#8220;Danke, dass Sie uns kontaktiert haben!&#8220; submit_button_text=&#8220;SENDEN&#8220; module_id=&#8220;et_pb_contact_form_0&#8243; _builder_version=&#8220;4.16&#8243; _unique_id=&#8220;b30e0c67-e8bc-4f4d-83a0-b47f77688a85&#8243; form_field_background_color=&#8220;rgba(0,0,0,0.15)&#8220; form_field_text_color=&#8220;#ffffff&#8220; title_font=&#8220;Play||||||||&#8220; title_text_color=&#8220;#ffffff&#8220; title_font_size=&#8220;36px&#8220; title_letter_spacing=&#8220;1px&#8220; title_line_height=&#8220;1.2em&#8220; form_field_font=&#8220;Lato||||||||&#8220; form_field_font_size=&#8220;16px&#8220; custom_button=&#8220;on&#8220; button_text_size=&#8220;18px&#8220; button_text_color=&#8220;#ffffff&#8220; button_bg_color=&#8220;#faa61a&#8220; button_border_width=&#8220;8px&#8220; button_border_color=&#8220;#faa61a&#8220; button_border_radius=&#8220;0px&#8220; button_letter_spacing=&#8220;4px&#8220; button_font=&#8220;Play|||on|||||&#8220; button_icon=&#8220;&#x24;||divi||400&#8243; custom_padding=&#8220;20px||||false|false&#8220; form_background_color=&#8220;rgba(0,0,0,0.15)&#8220; locked=&#8220;off&#8220; global_colors_info=&#8220;{}&#8220;][et_pb_contact_field field_id=&#8220;Name&#8220; field_title=&#8220;Name *&#8220; fullwidth_field=&#8220;on&#8220; _builder_version=&#8220;4.16&#8243; form_field_text_color=&#8220;#ffffff&#8220; form_field_focus_text_color=&#8220;#ffffff&#8220; global_colors_info=&#8220;{}&#8220; button_text_size__hover_enabled=&#8220;off&#8220; button_one_text_size__hover_enabled=&#8220;off&#8220; button_two_text_size__hover_enabled=&#8220;off&#8220; button_text_color__hover_enabled=&#8220;off&#8220; button_one_text_color__hover_enabled=&#8220;off&#8220; button_two_text_color__hover_enabled=&#8220;off&#8220; button_border_width__hover_enabled=&#8220;off&#8220; button_one_border_width__hover_enabled=&#8220;off&#8220; button_two_border_width__hover_enabled=&#8220;off&#8220; button_border_color__hover_enabled=&#8220;off&#8220; button_one_border_color__hover_enabled=&#8220;off&#8220; button_two_border_color__hover_enabled=&#8220;off&#8220; button_border_radius__hover_enabled=&#8220;off&#8220; button_one_border_radius__hover_enabled=&#8220;off&#8220; button_two_border_radius__hover_enabled=&#8220;off&#8220; button_letter_spacing__hover_enabled=&#8220;off&#8220; button_one_letter_spacing__hover_enabled=&#8220;off&#8220; button_two_letter_spacing__hover_enabled=&#8220;off&#8220; button_bg_color__hover_enabled=&#8220;off&#8220; button_one_bg_color__hover_enabled=&#8220;off&#8220; button_two_bg_color__hover_enabled=&#8220;off&#8220;][\/et_pb_contact_field][et_pb_contact_field field_id=&#8220;Email&#8220; field_title=&#8220;Email *&#8220; field_type=&#8220;email&#8220; fullwidth_field=&#8220;on&#8220; _builder_version=&#8220;4.16&#8243; form_field_text_color=&#8220;#ffffff&#8220; form_field_focus_text_color=&#8220;#ffffff&#8220; global_colors_info=&#8220;{}&#8220; button_text_size__hover_enabled=&#8220;off&#8220; button_one_text_size__hover_enabled=&#8220;off&#8220; button_two_text_size__hover_enabled=&#8220;off&#8220; button_text_color__hover_enabled=&#8220;off&#8220; button_one_text_color__hover_enabled=&#8220;off&#8220; button_two_text_color__hover_enabled=&#8220;off&#8220; button_border_width__hover_enabled=&#8220;off&#8220; button_one_border_width__hover_enabled=&#8220;off&#8220; button_two_border_width__hover_enabled=&#8220;off&#8220; button_border_color__hover_enabled=&#8220;off&#8220; button_one_border_color__hover_enabled=&#8220;off&#8220; button_two_border_color__hover_enabled=&#8220;off&#8220; button_border_radius__hover_enabled=&#8220;off&#8220; button_one_border_radius__hover_enabled=&#8220;off&#8220; button_two_border_radius__hover_enabled=&#8220;off&#8220; button_letter_spacing__hover_enabled=&#8220;off&#8220; button_one_letter_spacing__hover_enabled=&#8220;off&#8220; button_two_letter_spacing__hover_enabled=&#8220;off&#8220; button_bg_color__hover_enabled=&#8220;off&#8220; button_one_bg_color__hover_enabled=&#8220;off&#8220; button_two_bg_color__hover_enabled=&#8220;off&#8220;][\/et_pb_contact_field][et_pb_contact_field field_id=&#8220;Message&#8220; field_title=&#8220;Nachricht *&#8220; field_type=&#8220;text&#8220; fullwidth_field=&#8220;on&#8220; _builder_version=&#8220;4.16&#8243; global_colors_info=&#8220;{}&#8220; button_text_size__hover_enabled=&#8220;off&#8220; button_one_text_size__hover_enabled=&#8220;off&#8220; button_two_text_size__hover_enabled=&#8220;off&#8220; button_text_color__hover_enabled=&#8220;off&#8220; button_one_text_color__hover_enabled=&#8220;off&#8220; button_two_text_color__hover_enabled=&#8220;off&#8220; button_border_width__hover_enabled=&#8220;off&#8220; button_one_border_width__hover_enabled=&#8220;off&#8220; button_two_border_width__hover_enabled=&#8220;off&#8220; button_border_color__hover_enabled=&#8220;off&#8220; button_one_border_color__hover_enabled=&#8220;off&#8220; button_two_border_color__hover_enabled=&#8220;off&#8220; button_border_radius__hover_enabled=&#8220;off&#8220; button_one_border_radius__hover_enabled=&#8220;off&#8220; button_two_border_radius__hover_enabled=&#8220;off&#8220; button_letter_spacing__hover_enabled=&#8220;off&#8220; button_one_letter_spacing__hover_enabled=&#8220;off&#8220; button_two_letter_spacing__hover_enabled=&#8220;off&#8220; button_bg_color__hover_enabled=&#8220;off&#8220; button_one_bg_color__hover_enabled=&#8220;off&#8220; button_two_bg_color__hover_enabled=&#8220;off&#8220;][\/et_pb_contact_field][\/et_pb_contact_form][\/et_pb_column][\/et_pb_section]<\/p>\n","protected":false},"excerpt":{"rendered":"<p>Members ClubPrivilege des MitgliederclubsUnser Mitgliederclub (Members Club) wurde 2020 gegr\u00fcndet. Er bietet unseren Mitgliedern ganzj\u00e4hrig die M\u00f6glichkeit, das Meer mit unseren Booten, zu einem unschlagbaren Preis zu genie\u00dfen. Und Ihre Vorteile enden hier noch nicht: Ihre Mitgliedskarte bietet Ihnen spezielle Rabatte auf Produkte unseres Unternehmens, aus Dienstleistungen, Segelt\u00f6rns und vieles mehr. Wenn Sie das Meer [&hellip;]<\/p>\n","protected":false},"author":1,"featured_media":0,"parent":0,"menu_order":0,"comment_status":"closed","ping_status":"closed","template":"","meta":{"_et_pb_use_builder":"on","_et_pb_old_content":"","_et_gb_content_width":"","footnotes":""},"class_list":["post-2294","page","type-page","status-publish","hentry"],"yoast_head":"<!-- This site is optimized with the Yoast SEO plugin v27.2 - https:\/\/yoast.com\/product\/yoast-seo-wordpress\/ -->\n<title>Members Club - Thess Skafos Sailing<\/title>\n<meta name=\"robots\" content=\"index, follow, max-snippet:-1, max-image-preview:large, max-video-preview:-1\" \/>\n<link rel=\"canonical\" href=\"https:\/\/www.thess-skafos.com\/members-club\/\" \/>\n<meta property=\"og:locale\" content=\"de_DE\" \/>\n<meta property=\"og:type\" content=\"article\" \/>\n<meta property=\"og:title\" content=\"Members Club - Thess Skafos Sailing\" \/>\n<meta property=\"og:description\" content=\"Members ClubPrivilege des MitgliederclubsUnser Mitgliederclub (Members Club) wurde 2020 gegr\u00fcndet. Er bietet unseren Mitgliedern ganzj\u00e4hrig die M\u00f6glichkeit, das Meer mit unseren Booten, zu einem unschlagbaren Preis zu genie\u00dfen. Und Ihre Vorteile enden hier noch nicht: Ihre Mitgliedskarte bietet Ihnen spezielle Rabatte auf Produkte unseres Unternehmens, aus Dienstleistungen, Segelt\u00f6rns und vieles mehr. Wenn Sie das Meer [&hellip;]\" \/>\n<meta property=\"og:url\" content=\"https:\/\/www.thess-skafos.com\/members-club\/\" \/>\n<meta property=\"og:site_name\" content=\"Thess Skafos Sailing\" \/>\n<meta property=\"article:modified_time\" content=\"2025-06-26T11:32:05+00:00\" \/>\n<meta name=\"twitter:card\" content=\"summary_large_image\" \/>\n<meta name=\"twitter:label1\" content=\"Gesch\u00e4tzte Lesezeit\" \/>\n\t<meta name=\"twitter:data1\" content=\"10\u00a0Minuten\" \/>\n<script type=\"application\/ld+json\" class=\"yoast-schema-graph\">{\"@context\":\"https:\/\/schema.org\",\"@graph\":[{\"@type\":\"WebPage\",\"@id\":\"https:\/\/www.thess-skafos.com\/members-club\/\",\"url\":\"https:\/\/www.thess-skafos.com\/members-club\/\",\"name\":\"Members Club - Thess Skafos Sailing\",\"isPartOf\":{\"@id\":\"https:\/\/www.thess-skafos.com\/el\/#website\"},\"datePublished\":\"2021-12-17T16:29:18+00:00\",\"dateModified\":\"2025-06-26T11:32:05+00:00\",\"breadcrumb\":{\"@id\":\"https:\/\/www.thess-skafos.com\/members-club\/#breadcrumb\"},\"inLanguage\":\"de\",\"potentialAction\":[{\"@type\":\"ReadAction\",\"target\":[\"https:\/\/www.thess-skafos.com\/members-club\/\"]}]},{\"@type\":\"BreadcrumbList\",\"@id\":\"https:\/\/www.thess-skafos.com\/members-club\/#breadcrumb\",\"itemListElement\":[{\"@type\":\"ListItem\",\"position\":1,\"name\":\"Home\",\"item\":\"https:\/\/www.thess-skafos.com\/\"},{\"@type\":\"ListItem\",\"position\":2,\"name\":\"Members Club\"}]},{\"@type\":\"WebSite\",\"@id\":\"https:\/\/www.thess-skafos.com\/el\/#website\",\"url\":\"https:\/\/www.thess-skafos.com\/el\/\",\"name\":\"Thess Skafos Sailing\",\"description\":\"\u0396\u03ae\u03c3\u03c4\u03b5 \u03c4\u03b7 \u03b8\u03ac\u03bb\u03b1\u03c3\u03c3\u03b1!\",\"potentialAction\":[{\"@type\":\"SearchAction\",\"target\":{\"@type\":\"EntryPoint\",\"urlTemplate\":\"https:\/\/www.thess-skafos.com\/el\/?s={search_term_string}\"},\"query-input\":{\"@type\":\"PropertyValueSpecification\",\"valueRequired\":true,\"valueName\":\"search_term_string\"}}],\"inLanguage\":\"de\"}]}<\/script>\n<!-- \/ Yoast SEO plugin. -->","yoast_head_json":{"title":"Members Club - Thess Skafos Sailing","robots":{"index":"index","follow":"follow","max-snippet":"max-snippet:-1","max-image-preview":"max-image-preview:large","max-video-preview":"max-video-preview:-1"},"canonical":"https:\/\/www.thess-skafos.com\/members-club\/","og_locale":"de_DE","og_type":"article","og_title":"Members Club - Thess Skafos Sailing","og_description":"Members ClubPrivilege des MitgliederclubsUnser Mitgliederclub (Members Club) wurde 2020 gegr\u00fcndet. Er bietet unseren Mitgliedern ganzj\u00e4hrig die M\u00f6glichkeit, das Meer mit unseren Booten, zu einem unschlagbaren Preis zu genie\u00dfen. Und Ihre Vorteile enden hier noch nicht: Ihre Mitgliedskarte bietet Ihnen spezielle Rabatte auf Produkte unseres Unternehmens, aus Dienstleistungen, Segelt\u00f6rns und vieles mehr. Wenn Sie das Meer [&hellip;]","og_url":"https:\/\/www.thess-skafos.com\/members-club\/","og_site_name":"Thess Skafos Sailing","article_modified_time":"2025-06-26T11:32:05+00:00","twitter_card":"summary_large_image","twitter_misc":{"Gesch\u00e4tzte Lesezeit":"10\u00a0Minuten"},"schema":{"@context":"https:\/\/schema.org","@graph":[{"@type":"WebPage","@id":"https:\/\/www.thess-skafos.com\/members-club\/","url":"https:\/\/www.thess-skafos.com\/members-club\/","name":"Members Club - Thess Skafos Sailing","isPartOf":{"@id":"https:\/\/www.thess-skafos.com\/el\/#website"},"datePublished":"2021-12-17T16:29:18+00:00","dateModified":"2025-06-26T11:32:05+00:00","breadcrumb":{"@id":"https:\/\/www.thess-skafos.com\/members-club\/#breadcrumb"},"inLanguage":"de","potentialAction":[{"@type":"ReadAction","target":["https:\/\/www.thess-skafos.com\/members-club\/"]}]},{"@type":"BreadcrumbList","@id":"https:\/\/www.thess-skafos.com\/members-club\/#breadcrumb","itemListElement":[{"@type":"ListItem","position":1,"name":"Home","item":"https:\/\/www.thess-skafos.com\/"},{"@type":"ListItem","position":2,"name":"Members Club"}]},{"@type":"WebSite","@id":"https:\/\/www.thess-skafos.com\/el\/#website","url":"https:\/\/www.thess-skafos.com\/el\/","name":"Thess Skafos Sailing","description":"\u0396\u03ae\u03c3\u03c4\u03b5 \u03c4\u03b7 \u03b8\u03ac\u03bb\u03b1\u03c3\u03c3\u03b1!","potentialAction":[{"@type":"SearchAction","target":{"@type":"EntryPoint","urlTemplate":"https:\/\/www.thess-skafos.com\/el\/?s={search_term_string}"},"query-input":{"@type":"PropertyValueSpecification","valueRequired":true,"valueName":"search_term_string"}}],"inLanguage":"de"}]}},"_links":{"self":[{"href":"https:\/\/www.thess-skafos.com\/de\/wp-json\/wp\/v2\/pages\/2294","targetHints":{"allow":["GET"]}}],"collection":[{"href":"https:\/\/www.thess-skafos.com\/de\/wp-json\/wp\/v2\/pages"}],"about":[{"href":"https:\/\/www.thess-skafos.com\/de\/wp-json\/wp\/v2\/types\/page"}],"author":[{"embeddable":true,"href":"https:\/\/www.thess-skafos.com\/de\/wp-json\/wp\/v2\/users\/1"}],"replies":[{"embeddable":true,"href":"https:\/\/www.thess-skafos.com\/de\/wp-json\/wp\/v2\/comments?post=2294"}],"version-history":[{"count":3,"href":"https:\/\/www.thess-skafos.com\/de\/wp-json\/wp\/v2\/pages\/2294\/revisions"}],"predecessor-version":[{"id":5273,"href":"https:\/\/www.thess-skafos.com\/de\/wp-json\/wp\/v2\/pages\/2294\/revisions\/5273"}],"wp:attachment":[{"href":"https:\/\/www.thess-skafos.com\/de\/wp-json\/wp\/v2\/media?parent=2294"}],"curies":[{"name":"wp","href":"https:\/\/api.w.org\/{rel}","templated":true}]}}